{"id":3807,"date":"2026-04-28T09:59:24","date_gmt":"2026-04-28T06:59:24","guid":{"rendered":"https:\/\/www.workoutbylaura.fi\/?post_type=product&#038;p=3807"},"modified":"2026-05-15T20:53:01","modified_gmt":"2026-05-15T17:53:01","slug":"workout-summer-25-5-16-8","status":"publish","type":"product","link":"https:\/\/www.workoutbylaura.fi\/index.php\/tuote\/workout-summer-25-5-16-8\/","title":{"rendered":"WORKOUT SUMMER 25.5. &#8211; 16.8."},"content":{"rendered":"<p><strong>WORKOUT SUMMER 25.5. &#8211; 16.8.<\/strong><\/p>\n<p>\ud83d\udc9b Kes\u00e4n aikataulu<\/p>\n<p><strong>Maanantai<\/strong><br \/>\n18.00 Toiminnallinen ulkotreeni &#8211; syke &amp; lihaskunto 60 min, Iivisniemi (pidet\u00e4\u00e4n koko kes\u00e4n)<\/p>\n<p><strong>Keskiviikko<\/strong><br \/>\n18.00 BOOTY &amp; ABS 50 min, Niittykumpu (tauolla hein\u00e4kuussa)<br \/>\n19.00 Pilates 60 min, Niittykumpu (tauolla hein\u00e4kuussa)<\/p>\n<p><strong>Torstai<\/strong><br \/>\n18.00 Toiminnallinen ulkotreeni &#8211; lihaskunto 60 min, Iivisniemi (pidet\u00e4\u00e4n koko kes\u00e4n)<\/p>\n<p><strong>Perjantai<\/strong><br \/>\n10.30 Pilates 60 min, Niittykumpu (pidet\u00e4\u00e4n 7.8. &amp; 14.8.)<\/p>\n<p><strong>Sunnuntai<\/strong><br \/>\n11.00 Power Pilates &amp; liikkuvuus 60 min,\u00a0 Niittykumpu (tauolla 21.6. &amp; hein\u00e4kuussa).<br \/>\n18.00 K\u00e4velyklubi &amp; kehonhuolto, Iivisniemi (tauolla hein\u00e4kuussa)<\/p>\n<p>\ud83c\udf3b Hinnat ja kes\u00e4n vaihtoehdot:<\/p>\n<p><strong>Summer Luxe-j\u00e4senyys<\/strong><\/p>\n<p>\u2714\ufe0f Ulkotreenit Iivisniemess\u00e4<br \/>\n\u2714\ufe0f Studiotreenit Niittykummussa<br \/>\n\u2714\ufe0f Onlinetreenit k\u00e4yt\u00f6ss\u00e4si rajoituksetta l\u00e4pi kes\u00e4n<\/p>\n<p>119 \u20ac \/ koko kes\u00e4<\/p>\n<p><strong>Ulkotreeni-j\u00e4senyys (Iivisniemi)<br \/>\n<\/strong>79 \u20ac \/ koko kes\u00e4<\/p>\n<p><strong>Studio-j\u00e4senyys (Niittykumpu)<br \/>\n<\/strong>99 \u20ac \/ koko kes\u00e4<\/p>\n<p><strong>5 x kes\u00e4kortti<\/strong><br \/>\n59 \u20ac (k\u00e4y kaikkiin ulkotreeneihin &amp; Niittykumpuun)<\/p>\n<p><strong>Ulkotreenin kertamaksu<\/strong><br \/>\n10 \u20ac<\/p>\n<p><strong>Niittykummun kertamaksu<\/strong><br \/>\n15 \u20ac<\/p>\n<p><strong>Online-j\u00e4senyys erillisen\u00e4 pakettina<\/strong><br \/>\n49 \u20ac \/ koko kes\u00e4<\/p>\n<p><strong>Online-j\u00e4senyys ulkotreenij\u00e4senyyden \/ kes\u00e4kortin yhteyteen:<\/strong><br \/>\n20 \u20ac \/ koko kes\u00e4 (norm. 49 \u20ac)<\/p>\n<p>\ud83d\udc9b Kes\u00e4 on t\u00e4ydellinen aika liikkua v\u00e4h\u00e4n rennommin \u2013 mutta silti itsest\u00e4 huolta pit\u00e4en.<\/p>\n","protected":false},"excerpt":{"rendered":"<p><strong>WORKOUT SUMMER \u2600\ufe0f<\/strong><br \/>\n25.5. \u2013 16.8.<\/p>\n<p>Treenaa kes\u00e4ll\u00e4 rennosti, joustavasti ja omalla tyylill\u00e4si!<\/p>\n<p>\ud83c\udf3b Kes\u00e4n vaihtoehdot<\/p>\n<p><strong>Summer Luxe<\/strong><br \/>\n119 \u20ac \/ koko kes\u00e4<\/p>\n<p><strong>Ulkotreeni-j\u00e4senyys (Iivisniemi)<\/strong><br \/>\n79 \u20ac \/ koko kes\u00e4<\/p>\n<p><strong>Studio-j\u00e4senyys (Niittykumpu)<br \/>\n<\/strong>99 \u20ac \/ koko kes\u00e4<\/p>\n<p><strong>5 x kes\u00e4kortti<\/strong><br \/>\n59 \u20ac (k\u00e4y sek\u00e4 ulkotreeneihin ett\u00e4 Niittykumpuun)<\/p>\n<p><strong>Ulkotreenin kertamaksu<\/strong><br \/>\n10 \u20ac<\/p>\n<p><strong>Niittykummun kertamaksu<\/strong><br \/>\n15 \u20ac<\/p>\n<p><strong>Online-j\u00e4senyys erillisen\u00e4 pakettina<\/strong><br \/>\n49 \u20ac \/ koko kes\u00e4<\/p>\n<p><strong>Online-j\u00e4senyys ulkotreeni-j\u00e4senyyden tai kes\u00e4kortin yhteydess\u00e4<\/strong><br \/>\n20 \u20ac \/ koko kes\u00e4 (norm. 49 \u20ac)<\/p>\n","protected":false},"featured_media":2032,"template":"","meta":[],"product_brand":[],"product_cat":[28],"product_tag":[],"class_list":{"0":"post-3807","1":"product","2":"type-product","3":"status-publish","4":"has-post-thumbnail","6":"product_cat-jasenyydet","8":"first","9":"instock","10":"taxable","11":"shipping-taxable","12":"purchasable","13":"product-type-variable","14":"has-default-attributes"},"_links":{"self":[{"href":"https:\/\/www.workoutbylaura.fi\/index.php\/wp-json\/wp\/v2\/product\/3807","targetHints":{"allow":["GET"]}}],"collection":[{"href":"https:\/\/www.workoutbylaura.fi\/index.php\/wp-json\/wp\/v2\/product"}],"about":[{"href":"https:\/\/www.workoutbylaura.fi\/index.php\/wp-json\/wp\/v2\/types\/product"}],"wp:featuredmedia":[{"embeddable":true,"href":"https:\/\/www.workoutbylaura.fi\/index.php\/wp-json\/wp\/v2\/media\/2032"}],"wp:attachment":[{"href":"https:\/\/www.workoutbylaura.fi\/index.php\/wp-json\/wp\/v2\/media?parent=3807"}],"wp:term":[{"taxonomy":"product_brand","embeddable":true,"href":"https:\/\/www.workoutbylaura.fi\/index.php\/wp-json\/wp\/v2\/product_brand?post=3807"},{"taxonomy":"product_cat","embeddable":true,"href":"https:\/\/www.workoutbylaura.fi\/index.php\/wp-json\/wp\/v2\/product_cat?post=3807"},{"taxonomy":"product_tag","embeddable":true,"href":"https:\/\/www.workoutbylaura.fi\/index.php\/wp-json\/wp\/v2\/product_tag?post=3807"}],"curies":[{"name":"wp","href":"https:\/\/api.w.org\/{rel}","templated":true}]}}