{"id":3312,"date":"2026-03-17T15:32:37","date_gmt":"2026-03-17T12:32:37","guid":{"rendered":"https:\/\/www.workoutbylaura.fi\/?post_type=product&#038;p=3312"},"modified":"2026-03-24T14:24:53","modified_gmt":"2026-03-24T11:24:53","slug":"workout-one-yksilollinen-valmennus-treenipakettiasiakkaan-etu","status":"publish","type":"product","link":"https:\/\/www.workoutbylaura.fi\/index.php\/tuote\/workout-one-yksilollinen-valmennus-treenipakettiasiakkaan-etu\/","title":{"rendered":"Workout One &#8211; yksil\u00f6llinen valmennus (treenipakettiasiakkaan etu)"},"content":{"rendered":"<div dir=\"auto\">\n<p><strong>Workout One \u2013 yksil\u00f6llinen valmennus vain sulle<\/strong><\/p>\n<p>&nbsp;<\/p>\n<\/div>\n<div dir=\"auto\"><\/div>\n<div dir=\"auto\"><\/div>\n<div dir=\"auto\"><\/div>\n<div dir=\"auto\">\n<p>Workout One on henkil\u00f6kohtainen valmennus tai yksitt\u00e4inen kerta, joka keskittyy sinun tarpeisiisi ja tavoitteisiisi. T\u00e4m\u00e4 ei ole perinteinen kuntosaliohjelma, vaan kokonaisuus, joka sis\u00e4lt\u00e4\u00e4 esimerkiksi:<\/p>\n<\/div>\n<div dir=\"auto\"><\/div>\n<div dir=\"auto\"><\/div>\n<div dir=\"auto\"><\/div>\n<div dir=\"auto\">\n<p>* Yksil\u00f6idyn treenin Niittykummun studiolla, ulkona tai kotonasi<\/p>\n<\/div>\n<div dir=\"auto\"><\/div>\n<div dir=\"auto\">\n<p>* Liikuntarytmin suunnittelua arkeen<\/p>\n<\/div>\n<div dir=\"auto\"><\/div>\n<div dir=\"auto\">\n<p>* Vinkkej\u00e4 palautumiseen ja hyvinvointiin<\/p>\n<\/div>\n<div dir=\"auto\"><\/div>\n<div dir=\"auto\">\n<p>* Motivaatiokartoituksen ja keskustelun<\/p>\n<\/div>\n<div dir=\"auto\"><\/div>\n<div dir=\"auto\">\n<p>* Oman liikunnallisen identiteetin l\u00f6ytymisen<\/p>\n<\/div>\n<div dir=\"auto\"><\/div>\n<div dir=\"auto\"><\/div>\n<div dir=\"auto\"><\/div>\n<div dir=\"auto\">\n<p>Kaikki tapaamiset suunnitellaan alkukartoituksen perusteella, jotta jokainen kerta on tehokas ja juuri sinulle sopiva.<\/p>\n<\/div>\n<div dir=\"auto\"><\/div>\n<div dir=\"auto\"><\/div>\n<div dir=\"auto\">\n<p><strong>Hinnat &amp; voimassaolo ja ostoksille:<\/strong><\/p>\n<p><strong>1 x paketti 80 \u20ac (norm. 85 \u20ac)<\/strong>\u00a0\u2192 k\u00e4ytett\u00e4v\u00e4 31.12.2026 menness\u00e4 &#8211; osta <a href=\"https:\/\/www.workoutbylaura.fi\/index.php\/tuote\/workout-one-yksilollinen-treeni-lisapalvelu-nykyiseen-treenipakettiin\/\">t\u00e4st\u00e4<\/a><\/p>\n<\/div>\n<div dir=\"auto\"><\/div>\n<div dir=\"auto\"><strong>3 x paketti 215 \u20ac (norm. 225 \u20ac) <\/strong>\u2192\u00a0 voimassa 3 kuukautta &#8211; osta <a href=\"https:\/\/www.workoutbylaura.fi\/index.php\/tuote\/workout-one-3-x-paketti-treenipakettiasiakkaan-etu\/\">t\u00e4st\u00e4.<\/a><\/div>\n<div dir=\"auto\">(Voimassaolo alkaa ensimm\u00e4isest\u00e4 varatusta kerrasta, mahdollisuus jatkoon tapauskohtaisesti.)<\/p>\n<\/div>\n<div dir=\"auto\"><\/div>\n<div dir=\"auto\"><strong>10 x paketti 670 \u20ac (norm. 700 \u20ac)<\/strong>\u2192 voimassa 6 kuukautta &#8211; osta <a href=\"https:\/\/www.workoutbylaura.fi\/index.php\/tuote\/workout-one-10-x-paketti-treenipakettiasiakkaan-etu\/\">t\u00e4st\u00e4.<\/a><\/div>\n<div dir=\"auto\">(Voimassaolo alkaa ensimm\u00e4isest\u00e4 varatusta kerrasta, mahdollisuus jatkoon tapauskohtaisesti.)<\/div>\n<div dir=\"auto\"><\/div>\n<div dir=\"auto\"><\/div>\n","protected":false},"excerpt":{"rendered":"<div dir=\"auto\">\n<p>Workout One \u2013 vain sulle.<\/p>\n<\/div>\n<div dir=\"auto\"><\/div>\n<div dir=\"auto\">Yksil\u00f6llinen valmennus, joka suunnitellaan juuri sinun tavoitteidesi ja el\u00e4m\u00e4ntilanteesi mukaan. Tapaaminen voi sis\u00e4lt\u00e4\u00e4 mm. yksil\u00f6idyn treenin, liikuntarytmin suunnittelun, vinkkej\u00e4 palautumiseen ja motivaatiokartoituksen. Toteutetaan Niittykummun studiolla, ulkona tai kotonasi (pk-seutu).<\/div>\n","protected":false},"featured_media":2034,"template":"","meta":[],"product_brand":[],"product_cat":[32],"product_tag":[],"class_list":{"0":"post-3312","1":"product","2":"type-product","3":"status-publish","4":"has-post-thumbnail","6":"product_cat-coaching","8":"first","9":"instock","10":"taxable","11":"shipping-taxable","12":"product-type-grouped"},"_links":{"self":[{"href":"https:\/\/www.workoutbylaura.fi\/index.php\/wp-json\/wp\/v2\/product\/3312","targetHints":{"allow":["GET"]}}],"collection":[{"href":"https:\/\/www.workoutbylaura.fi\/index.php\/wp-json\/wp\/v2\/product"}],"about":[{"href":"https:\/\/www.workoutbylaura.fi\/index.php\/wp-json\/wp\/v2\/types\/product"}],"wp:featuredmedia":[{"embeddable":true,"href":"https:\/\/www.workoutbylaura.fi\/index.php\/wp-json\/wp\/v2\/media\/2034"}],"wp:attachment":[{"href":"https:\/\/www.workoutbylaura.fi\/index.php\/wp-json\/wp\/v2\/media?parent=3312"}],"wp:term":[{"taxonomy":"product_brand","embeddable":true,"href":"https:\/\/www.workoutbylaura.fi\/index.php\/wp-json\/wp\/v2\/product_brand?post=3312"},{"taxonomy":"product_cat","embeddable":true,"href":"https:\/\/www.workoutbylaura.fi\/index.php\/wp-json\/wp\/v2\/product_cat?post=3312"},{"taxonomy":"product_tag","embeddable":true,"href":"https:\/\/www.workoutbylaura.fi\/index.php\/wp-json\/wp\/v2\/product_tag?post=3312"}],"curies":[{"name":"wp","href":"https:\/\/api.w.org\/{rel}","templated":true}]}}