{"id":3306,"date":"2026-03-17T13:45:22","date_gmt":"2026-03-17T10:45:22","guid":{"rendered":"https:\/\/www.workoutbylaura.fi\/?post_type=product&#038;p=3306"},"modified":"2026-03-17T16:19:44","modified_gmt":"2026-03-17T13:19:44","slug":"workout-one-yksilollinen-treeni-lisapalvelu-workout-luxe-jasenyyteen","status":"publish","type":"product","link":"https:\/\/www.workoutbylaura.fi\/index.php\/tuote\/workout-one-yksilollinen-treeni-lisapalvelu-workout-luxe-jasenyyteen\/","title":{"rendered":"Workout One &#8211; yksil\u00f6llinen treeni (Luxe-j\u00e4senen etu)"},"content":{"rendered":"<div dir=\"auto\"><strong>Workout One \u2013 yksil\u00f6llinen valmennus vain sulle<\/strong><\/div>\n<div dir=\"auto\"><\/div>\n<div dir=\"auto\">Workout One on henkil\u00f6kohtainen treeni tai valmennus, joka keskittyy sinun tarpeisiisi ja tavoitteisiisi. T\u00e4m\u00e4 ei ole perinteinen kuntosaliohjelma, vaan kokonaisuus, joka sis\u00e4lt\u00e4\u00e4 esimerkiksi:<\/div>\n<div dir=\"auto\"><\/div>\n<div dir=\"auto\">* Yksil\u00f6idyn treenin Niittykummun studiolla, ulkona tai kotonasi<\/div>\n<div dir=\"auto\"><\/div>\n<div dir=\"auto\">* Liikuntarytmin suunnittelua arkeen<\/div>\n<div dir=\"auto\"><\/div>\n<div dir=\"auto\">* Vinkkej\u00e4 palautumiseen ja hyvinvointiin<\/div>\n<div dir=\"auto\"><\/div>\n<div dir=\"auto\">* Motivaatiokartoituksen ja keskustelun<\/div>\n<div dir=\"auto\"><\/div>\n<div dir=\"auto\">* Oman liikunnallisen identiteetin l\u00f6ytymisen<\/div>\n<div dir=\"auto\"><\/div>\n<div dir=\"auto\">Tapaaminen suunnitellaan alkukartoituksen perusteella, jotta se on juuri sinulle sopiva.<\/div>\n<div dir=\"auto\"><\/div>\n<div dir=\"auto\"><strong>Voimassaolo ja hinta:<\/strong><\/div>\n<div dir=\"auto\"><\/div>\n<div dir=\"auto\"><strong>1 x 75 \u20ac (norm. 85 \u20ac)<\/strong> \u2192 k\u00e4ytett\u00e4v\u00e4 31.12.2026 menness\u00e4.<\/div>\n<div dir=\"auto\"><\/div>\n<div dir=\"auto\"><\/div>\n","protected":false},"excerpt":{"rendered":"<div dir=\"auto\">Workout One \u2013 vain sulle.<\/div>\n<div dir=\"auto\"><\/div>\n<div dir=\"auto\">Yksil\u00f6llinen valmennus, joka suunnitellaan juuri sinun tavoitteidesi ja el\u00e4m\u00e4ntilanteesi mukaan. Tapaaminen voi sis\u00e4lt\u00e4\u00e4 mm. yksil\u00f6idyn treenin, liikuntarytmin suunnittelun, vinkkej\u00e4 palautumiseen ja motivaatiokartoituksen. Toteutetaan studiolla, ulkona tai kotonasi (pk-seutu).<\/div>\n","protected":false},"featured_media":2034,"template":"","meta":[],"product_brand":[],"product_cat":[32],"product_tag":[],"class_list":{"0":"post-3306","1":"product","2":"type-product","3":"status-publish","4":"has-post-thumbnail","6":"product_cat-coaching","8":"first","9":"instock","10":"taxable","11":"shipping-taxable","12":"purchasable","13":"product-type-simple"},"_links":{"self":[{"href":"https:\/\/www.workoutbylaura.fi\/index.php\/wp-json\/wp\/v2\/product\/3306","targetHints":{"allow":["GET"]}}],"collection":[{"href":"https:\/\/www.workoutbylaura.fi\/index.php\/wp-json\/wp\/v2\/product"}],"about":[{"href":"https:\/\/www.workoutbylaura.fi\/index.php\/wp-json\/wp\/v2\/types\/product"}],"wp:featuredmedia":[{"embeddable":true,"href":"https:\/\/www.workoutbylaura.fi\/index.php\/wp-json\/wp\/v2\/media\/2034"}],"wp:attachment":[{"href":"https:\/\/www.workoutbylaura.fi\/index.php\/wp-json\/wp\/v2\/media?parent=3306"}],"wp:term":[{"taxonomy":"product_brand","embeddable":true,"href":"https:\/\/www.workoutbylaura.fi\/index.php\/wp-json\/wp\/v2\/product_brand?post=3306"},{"taxonomy":"product_cat","embeddable":true,"href":"https:\/\/www.workoutbylaura.fi\/index.php\/wp-json\/wp\/v2\/product_cat?post=3306"},{"taxonomy":"product_tag","embeddable":true,"href":"https:\/\/www.workoutbylaura.fi\/index.php\/wp-json\/wp\/v2\/product_tag?post=3306"}],"curies":[{"name":"wp","href":"https:\/\/api.w.org\/{rel}","templated":true}]}}