{"id":2182,"date":"2025-12-01T14:14:10","date_gmt":"2025-12-01T11:14:10","guid":{"rendered":"https:\/\/www.workoutbylaura.fi\/?post_type=product&#038;p=2182"},"modified":"2026-02-02T16:11:57","modified_gmt":"2026-02-02T13:11:57","slug":"fit-firm-neljan-viikon-kiinteytystreenit-kotiin","status":"publish","type":"product","link":"https:\/\/www.workoutbylaura.fi\/index.php\/tuote\/fit-firm-neljan-viikon-kiinteytystreenit-kotiin\/","title":{"rendered":"FIT &#038; FIRM &#8211; nelj\u00e4n viikon kiinteytystreenit kotiin!"},"content":{"rendered":"<p><b>Wellnets\u00a0x Workout by Laura<\/b><\/p>\n<p><b>Tunne teho, n\u00e4e tulos \u2013 omassa tahdissa, omassa kodissa.<\/b><\/p>\n<p>FIT\u00a0&amp;\u00a0FIRM\u00a0on nelj\u00e4n viikon online-haaste sinulle, joka haluat kiinteytt\u00e4\u00e4 kehoa, parantaa lihaskuntoa ja lis\u00e4t\u00e4 energisyytt\u00e4 arkeesi \u2013 ilman salia, ilman suorituspaineita.<\/p>\n<p><b>Mit\u00e4 haaste sis\u00e4lt\u00e4\u00e4?<\/b><br \/>\n&#8211;\u00a0 4 ohjattua online-treeni\u00e4 viikossa, joita voit tehd\u00e4 oman aikataulusi mukaan (kesto 20\u201340 min)<br \/>\n&#8211;\u00a0 Monipuoliset treenit: pilates, koko kropan toiminnallinen lihaskunto, core, liikkuvuus<br \/>\n&#8211;\u00a0 Treenit voi tehd\u00e4 k\u00e4sipainoilla tai oman kehon vastuksella, varaa mukaasi my\u00f6s matto<br \/>\n&#8211;\u00a0 Paljon\u00a0vaihtoehtoja kevyist\u00e4 rankempiin\u00a0versioihin<\/p>\n<p><b>T\u00e4m\u00e4 haaste sopii sinulle, jos:<\/b><\/p>\n<p>\u2013 Haluat kiinteytt\u00e4\u00e4 kroppaa turvallisesti ja tehokkaasti<br \/>\n\u2013 Toivot selkeit\u00e4 treeniohjeita, jotka on helppo tehd\u00e4 kotona<br \/>\n\u2013 Kaipaat rakennetta treeneihin, mutta et stressi\u00e4 aikatauluista<\/p>\n<ol>\n<li><b>Workout by Laura &amp; Esport- j\u00e4senten etuhinta 29,90 \u20ac (norm. 39,90 \u20ac).\u00a0<\/b><\/li>\n<\/ol>\n<p><strong data-start=\"1172\" data-end=\"1187\">Maksutavat:<\/strong><br data-start=\"1187\" data-end=\"1190\" \/>* Mobiilimaksu (MobilePay, Google Pay, Apple Pay)<br \/>\n* Verkkopankki<br \/>\n* Korttimaksu<br \/>\n* OP laskulla &#8211; 45 p\u00e4iv\u00e4\u00e4 korotonta maksuaikaa<br \/>\n* OP er\u00e4maksu &#8211; maksa joustavasti tilanteesi mukaan<br \/>\n* Liikuntaeduilla k\u00e4ytt\u00f6paikkaan Workout by Laura (Epassi, Smartum, Edenred)<\/p>\n","protected":false},"excerpt":{"rendered":"<p>FIT\u00a0&amp;\u00a0FIRM\u00a0on nelj\u00e4n viikon online-haaste sinulle, joka haluat kiinteytt\u00e4\u00e4 kehoa, parantaa lihaskuntoa ja lis\u00e4t\u00e4 energisyytt\u00e4 arkeesi \u2013 ilman salia, ilman suorituspaineita.<\/p>\n<p><b>Workout by Laura &amp; Esport- j\u00e4senten etuhinta 29,90 \u20ac (norm. 39,90 \u20ac).\u00a0<\/b><\/p>\n<p><strong data-start=\"1172\" data-end=\"1187\">Maksutavat:<\/strong><br data-start=\"1187\" data-end=\"1190\" \/>* Mobiilimaksu (MobilePay, Google Pay, Apple Pay)<br \/>\n* Verkkopankki<br \/>\n* Korttimaksu<br \/>\n* OP laskulla &#8211; 45 p\u00e4iv\u00e4\u00e4 korotonta maksuaikaa<br \/>\n* OP er\u00e4maksu &#8211; maksa joustavasti tilanteesi mukaan<br \/>\n* Liikuntaeduilla k\u00e4ytt\u00f6paikkaan Workout by Laura (Epassi, Smartum, Edenred)<\/p>\n","protected":false},"featured_media":2023,"template":"","meta":[],"product_brand":[],"product_cat":[31],"product_tag":[],"class_list":{"0":"post-2182","1":"product","2":"type-product","3":"status-publish","4":"has-post-thumbnail","6":"product_cat-online","8":"first","9":"instock","10":"taxable","11":"shipping-taxable","12":"purchasable","13":"product-type-simple"},"_links":{"self":[{"href":"https:\/\/www.workoutbylaura.fi\/index.php\/wp-json\/wp\/v2\/product\/2182","targetHints":{"allow":["GET"]}}],"collection":[{"href":"https:\/\/www.workoutbylaura.fi\/index.php\/wp-json\/wp\/v2\/product"}],"about":[{"href":"https:\/\/www.workoutbylaura.fi\/index.php\/wp-json\/wp\/v2\/types\/product"}],"wp:featuredmedia":[{"embeddable":true,"href":"https:\/\/www.workoutbylaura.fi\/index.php\/wp-json\/wp\/v2\/media\/2023"}],"wp:attachment":[{"href":"https:\/\/www.workoutbylaura.fi\/index.php\/wp-json\/wp\/v2\/media?parent=2182"}],"wp:term":[{"taxonomy":"product_brand","embeddable":true,"href":"https:\/\/www.workoutbylaura.fi\/index.php\/wp-json\/wp\/v2\/product_brand?post=2182"},{"taxonomy":"product_cat","embeddable":true,"href":"https:\/\/www.workoutbylaura.fi\/index.php\/wp-json\/wp\/v2\/product_cat?post=2182"},{"taxonomy":"product_tag","embeddable":true,"href":"https:\/\/www.workoutbylaura.fi\/index.php\/wp-json\/wp\/v2\/product_tag?post=2182"}],"curies":[{"name":"wp","href":"https:\/\/api.w.org\/{rel}","templated":true}]}}