{"id":1859,"date":"2025-11-10T22:59:22","date_gmt":"2025-11-10T19:59:22","guid":{"rendered":"https:\/\/www.workoutbylaura.fi\/?post_type=product&#038;p=1859"},"modified":"2026-03-24T16:57:21","modified_gmt":"2026-03-24T13:57:21","slug":"kertamaksu-niittykummun-treeneihin","status":"publish","type":"product","link":"https:\/\/www.workoutbylaura.fi\/index.php\/tuote\/kertamaksu-niittykummun-treeneihin\/","title":{"rendered":"Kertak\u00e4ynti Niittykummun treeneihin"},"content":{"rendered":"<p data-start=\"1017\" data-end=\"1082\"><strong data-start=\"1017\" data-end=\"1080\">Kertak\u00e4ynti Niittykummun treeneihin \u2013 joustava vaihtoehto treenaamiseen!<\/strong><\/p>\n<p data-start=\"1084\" data-end=\"1304\">Kertamaksulla voit osallistua haluamallesi tunnille ilman sitoutumista. Sopii erinomaisesti sinulle, joka haluat kokeilla uutta lajia, t\u00e4ydent\u00e4\u00e4 viikkoasi yksitt\u00e4isell\u00e4 treenill\u00e4 tai tulla silloin kun aikataulu sallii.<\/p>\n<p data-start=\"1306\" data-end=\"1458\">\ud83d\udc9b <strong data-start=\"1309\" data-end=\"1319\">Hinta:<\/strong> 15 \u20ac \/ kerta<br data-start=\"1332\" data-end=\"1335\" \/>\ud83d\udccd <strong data-start=\"1338\" data-end=\"1349\">Paikka:<\/strong> Niittykumpu, Kappelikuja 6 D, Espoo<br data-start=\"1383\" data-end=\"1386\" \/>\ud83d\ude97 Maksuttomia 2 h pys\u00e4k\u00f6intipaikkoja, Niittykummun metroasema 5 min k\u00e4velymatkan p\u00e4\u00e4ss\u00e4.<\/p>\n","protected":false},"excerpt":{"rendered":"<p>Kertamaksu Niittykumpuun \u2013 osallistu haluamallesi tunnille ilman sitoutumista! \ud83d\udc9b 15 \u20ac \/ kerta.<\/p>\n<p><strong data-start=\"1172\" data-end=\"1187\">Maksutavat:<\/strong><br data-start=\"1187\" data-end=\"1190\" \/>* Mobiilimaksu (MobilePay, Google Pay, Apple Pay)<br \/>\n* Verkkopankki<br \/>\n* Korttimaksu<br \/>\n* OP laskulla &#8211; 45 p\u00e4iv\u00e4\u00e4 korotonta maksuaikaa<br \/>\n* OP er\u00e4maksu &#8211; maksa joustavasti tilanteesi mukaan<br \/>\n* Liikuntaeduilla k\u00e4ytt\u00f6paikkaan Workout by Laura (Epassi, Smartum, Edenred)<\/p>\n","protected":false},"featured_media":2024,"template":"","meta":[],"product_brand":[],"product_cat":[29],"product_tag":[],"class_list":{"0":"post-1859","1":"product","2":"type-product","3":"status-publish","4":"has-post-thumbnail","6":"product_cat-kertamaksut","8":"first","9":"instock","10":"virtual","11":"taxable","12":"purchasable","13":"product-type-simple"},"_links":{"self":[{"href":"https:\/\/www.workoutbylaura.fi\/index.php\/wp-json\/wp\/v2\/product\/1859","targetHints":{"allow":["GET"]}}],"collection":[{"href":"https:\/\/www.workoutbylaura.fi\/index.php\/wp-json\/wp\/v2\/product"}],"about":[{"href":"https:\/\/www.workoutbylaura.fi\/index.php\/wp-json\/wp\/v2\/types\/product"}],"wp:featuredmedia":[{"embeddable":true,"href":"https:\/\/www.workoutbylaura.fi\/index.php\/wp-json\/wp\/v2\/media\/2024"}],"wp:attachment":[{"href":"https:\/\/www.workoutbylaura.fi\/index.php\/wp-json\/wp\/v2\/media?parent=1859"}],"wp:term":[{"taxonomy":"product_brand","embeddable":true,"href":"https:\/\/www.workoutbylaura.fi\/index.php\/wp-json\/wp\/v2\/product_brand?post=1859"},{"taxonomy":"product_cat","embeddable":true,"href":"https:\/\/www.workoutbylaura.fi\/index.php\/wp-json\/wp\/v2\/product_cat?post=1859"},{"taxonomy":"product_tag","embeddable":true,"href":"https:\/\/www.workoutbylaura.fi\/index.php\/wp-json\/wp\/v2\/product_tag?post=1859"}],"curies":[{"name":"wp","href":"https:\/\/api.w.org\/{rel}","templated":true}]}}