{"id":3119,"date":"2026-03-05T13:49:36","date_gmt":"2026-03-05T10:49:36","guid":{"rendered":"https:\/\/www.workoutbylaura.fi\/?page_id=3119"},"modified":"2026-03-14T14:06:45","modified_gmt":"2026-03-14T11:06:45","slug":"tapahtumat-workshopit","status":"publish","type":"page","link":"https:\/\/www.workoutbylaura.fi\/index.php\/tapahtumat-workshopit\/","title":{"rendered":"Tapahtumat &amp; workshopit"},"content":{"rendered":"\t\t<div data-elementor-type=\"wp-page\" data-elementor-id=\"3119\" class=\"elementor elementor-3119\" data-elementor-post-type=\"page\">\n\t\t\t\t<div class=\"elementor-element elementor-element-6f47d4b2 e-flex e-con-boxed e-con e-parent\" data-id=\"6f47d4b2\" data-element_type=\"container\" data-e-type=\"container\" data-settings=\"{&quot;background_background&quot;:&quot;classic&quot;}\">\n\t\t\t\t\t<div class=\"e-con-inner\">\n\t\t<div class=\"elementor-element elementor-element-700f0d57 e-con-full e-flex e-con e-child\" data-id=\"700f0d57\" data-element_type=\"container\" data-e-type=\"container\">\n\t\t\t\t<div class=\"elementor-element elementor-element-647f0c97 animated-slow elementor-invisible elementor-widget elementor-widget-heading\" data-id=\"647f0c97\" data-element_type=\"widget\" data-e-type=\"widget\" data-settings=\"{&quot;_animation&quot;:&quot;slideInUp&quot;}\" data-widget_type=\"heading.default\">\n\t\t\t\t\t<h2 class=\"elementor-heading-title elementor-size-default\">UUTTA VIRTAA - UUSIA EL\u00c4MYKSI\u00c4!<\/h2>\t\t\t\t<\/div>\n\t\t\t\t<div class=\"elementor-element elementor-element-5ef53580 animated-slow elementor-invisible elementor-widget elementor-widget-heading\" data-id=\"5ef53580\" data-element_type=\"widget\" data-e-type=\"widget\" data-settings=\"{&quot;_animation&quot;:&quot;slideInUp&quot;}\" data-widget_type=\"heading.default\">\n\t\t\t\t\t<h2 class=\"elementor-heading-title elementor-size-default\">WORKSHOPIT &amp; TAPAHTUMAT<\/h2>\t\t\t\t<\/div>\n\t\t\t\t<div class=\"elementor-element elementor-element-7e79a0e6 elementor-widget elementor-widget-text-editor\" data-id=\"7e79a0e6\" data-element_type=\"widget\" data-e-type=\"widget\" data-widget_type=\"text-editor.default\">\n\t\t\t\t\t\t\t\t\t<p>Workout by Laura j\u00e4rjest\u00e4\u00e4 s\u00e4nn\u00f6llisesti erilaisia workshopeja ja tapahtumia, jotka tuovat vaihtelua ja uutta n\u00e4k\u00f6kulmaa treeniin.<\/p>\t\t\t\t\t\t\t\t<\/div>\n\t\t\t\t<\/div>\n\t\t\t\t<div class=\"elementor-element elementor-element-13cbe71c elementor-widget elementor-widget-image\" data-id=\"13cbe71c\" data-element_type=\"widget\" data-e-type=\"widget\" data-widget_type=\"image.default\">\n\t\t\t\t\t\t\t\t\t\t\t\t\t\t\t<img decoding=\"async\" src=\"https:\/\/www.workoutbylaura.fi\/wp-content\/uploads\/2025\/07\/1O2A9619-scaled.jpg\" title=\"1O2A9619\" alt=\"1O2A9619\" loading=\"lazy\" \/>\t\t\t\t\t\t\t\t\t\t\t\t\t\t\t<\/div>\n\t\t\t\t\t<\/div>\n\t\t\t\t<\/div>\n\t\t<div class=\"elementor-element elementor-element-27054a2 e-flex e-con-boxed e-con e-parent\" data-id=\"27054a2\" data-element_type=\"container\" data-e-type=\"container\" data-settings=\"{&quot;background_background&quot;:&quot;classic&quot;}\">\n\t\t\t\t\t<div class=\"e-con-inner\">\n\t\t\t\t<div class=\"elementor-element elementor-element-4a3447c elementor-widget elementor-widget-heading\" data-id=\"4a3447c\" data-element_type=\"widget\" data-e-type=\"widget\" data-widget_type=\"heading.default\">\n\t\t\t\t\t<h2 class=\"elementor-heading-title elementor-size-default\">TULEVAT TAPAHTUMAT &amp; WORKSHOPIT<\/h2>\t\t\t\t<\/div>\n\t\t<div class=\"elementor-element elementor-element-4104a24 e-con-full e-flex e-con e-child\" data-id=\"4104a24\" data-element_type=\"container\" data-e-type=\"container\">\n\t\t<div class=\"elementor-element elementor-element-4ac8b37 e-con-full e-flex e-con e-child\" data-id=\"4ac8b37\" data-element_type=\"container\" data-e-type=\"container\">\n\t\t\t\t<div class=\"elementor-element elementor-element-931390f elementor-position-left elementor-vertical-align-top elementor-widget elementor-widget-image-box\" data-id=\"931390f\" data-element_type=\"widget\" data-e-type=\"widget\" data-widget_type=\"image-box.default\">\n\t\t\t\t\t<div class=\"elementor-image-box-wrapper\"><figure class=\"elementor-image-box-img\"><a href=\"https:\/\/forms.gle\/C63J5y643D3yU15n9\" tabindex=\"-1\"><img fetchpriority=\"high\" decoding=\"async\" width=\"800\" height=\"600\" src=\"https:\/\/www.workoutbylaura.fi\/wp-content\/uploads\/2025\/07\/warrior-pose-241611_1280-1024x768.jpg\" class=\"attachment-large size-large wp-image-85\" alt=\"\" srcset=\"https:\/\/www.workoutbylaura.fi\/wp-content\/uploads\/2025\/07\/warrior-pose-241611_1280-1024x768.jpg 1024w, https:\/\/www.workoutbylaura.fi\/wp-content\/uploads\/2025\/07\/warrior-pose-241611_1280-300x225.jpg 300w, https:\/\/www.workoutbylaura.fi\/wp-content\/uploads\/2025\/07\/warrior-pose-241611_1280-768x576.jpg 768w, https:\/\/www.workoutbylaura.fi\/wp-content\/uploads\/2025\/07\/warrior-pose-241611_1280.jpg 1280w\" sizes=\"(max-width: 800px) 100vw, 800px\" \/><\/a><\/figure><div class=\"elementor-image-box-content\"><h3 class=\"elementor-image-box-title\"><a href=\"https:\/\/forms.gle\/C63J5y643D3yU15n9\">YINYANG YOGA - KEV\u00c4\u00c4N UUTUUS!<\/a><\/h3><p class=\"elementor-image-box-description\">* Lauantaisin klo 12-13 (7.2. - 28.3., tunti tauolla 21.2.)<br><br>* Iivisniemi, Arttelikuja 4<br>\n<br>* Joogaopettaja Pirita Hilton\n\n<br>\n<br>YINYANG YOGA - UUTUUS!\n\n\n\n\nVirkist\u00e4\u00e4, lis\u00e4\u00e4 elinvoimaa, liikkuvuutta ja keskittymiskyky\u00e4. Tunti alkaa energisell\u00e4 ja virtaavalla yang-joogalla. Liikkeet sulavat saumattomasti toisiinsa hengityksen tahdissa, vahvistaen kehonhallintaa, kest\u00e4vyytt\u00e4 ja dynaamista liikkuvuutta. T\u00e4m\u00e4n j\u00e4lkeen laskeutuminen Yin Yogaan, jossa pys\u00e4hdyt\u00e4\u00e4n asentoihin useiksi minuuteiksi. Sidekudokset avautuvat, pitk\u00e4\u00e4n kertyneet j\u00e4nnitykset sulavat pois, mieli hiljenee ja hermosto vaipuu lempe\u00e4\u00e4n lepotilaan. Harjoitus sopii sek\u00e4 aloittelijoille ett\u00e4 pidemp\u00e4\u00e4n joogaa harrastaneille.\nV\u00e4lineet: oma matto.<br><br>Hinnat:<br>\n* 59 \u20ac erillisen\u00e4 pakettina<br>\n* 49 \u20ac treenipaketin yhteydess\u00e4<br><br>* 12 \u20ac \/ kerta <br>\n* Workout Luxe-j\u00e4senille maksuton, ei ilmoittautumista.<br><br>Klikkaa kuvaa, ja ilmoittaudu mukaan!<\/p><\/div><\/div>\t\t\t\t<\/div>\n\t\t\t\t<\/div>\n\t\t<div class=\"elementor-element elementor-element-02a2d13 e-con-full e-flex e-con e-child\" data-id=\"02a2d13\" data-element_type=\"container\" data-e-type=\"container\">\n\t\t\t\t<div class=\"elementor-element elementor-element-880ce39 elementor-position-left elementor-vertical-align-top elementor-widget elementor-widget-image-box\" data-id=\"880ce39\" data-element_type=\"widget\" data-e-type=\"widget\" data-widget_type=\"image-box.default\">\n\t\t\t\t\t<div class=\"elementor-image-box-wrapper\"><figure class=\"elementor-image-box-img\"><a href=\"https:\/\/forms.gle\/GTrMqeSedMDTyw599\" tabindex=\"-1\"><img decoding=\"async\" width=\"800\" height=\"532\" src=\"https:\/\/www.workoutbylaura.fi\/wp-content\/uploads\/2025\/07\/bw_lauran_ryhma-1024x681.jpg\" class=\"attachment-large size-large wp-image-172\" alt=\"\" srcset=\"https:\/\/www.workoutbylaura.fi\/wp-content\/uploads\/2025\/07\/bw_lauran_ryhma-1024x681.jpg 1024w, https:\/\/www.workoutbylaura.fi\/wp-content\/uploads\/2025\/07\/bw_lauran_ryhma-300x200.jpg 300w, https:\/\/www.workoutbylaura.fi\/wp-content\/uploads\/2025\/07\/bw_lauran_ryhma-768x511.jpg 768w, https:\/\/www.workoutbylaura.fi\/wp-content\/uploads\/2025\/07\/bw_lauran_ryhma.jpg 1120w\" sizes=\"(max-width: 800px) 100vw, 800px\" \/><\/a><\/figure><div class=\"elementor-image-box-content\"><h3 class=\"elementor-image-box-title\"><a href=\"https:\/\/forms.gle\/GTrMqeSedMDTyw599\">PILATES MIX STARTTIKURSSI LA 11.4. - LA 16.5.<br><\/a><\/h3><p class=\"elementor-image-box-description\"><img decoding=\"async\" role=\"img\" class=\"emoji\" alt=\"\ud83d\udccd\" src=\"https:\/\/s.w.org\/images\/core\/emoji\/16.0.1\/svg\/1f4cd.svg\"> Iivisniemi, \nArttelikuja 4<br>\n<img decoding=\"async\" role=\"img\" class=\"emoji\" alt=\"\ud83d\udd5b\" src=\"https:\/\/s.w.org\/images\/core\/emoji\/16.0.1\/svg\/1f55b.svg\"> Lauantaisin klo 12\u201313<br>\n<br>\n<img decoding=\"async\" role=\"img\" class=\"emoji\" alt=\"\u2728\" src=\"https:\/\/s.w.org\/images\/core\/emoji\/16.0.1\/svg\/2728.svg\"> 11.4. PILATES START\nLempe\u00e4 aloitus pilateksen saloihin <br>\n<br>\n<img decoding=\"async\" role=\"img\" class=\"emoji\" alt=\"\ud83d\udd25\" src=\"https:\/\/s.w.org\/images\/core\/emoji\/16.0.1\/svg\/1f525.svg\"> 18.4. PILATES CIRCUIT\nPilateksen herkkupalat minuutin osioissa<br><br>\n\n<img decoding=\"async\" role=\"img\" class=\"emoji\" alt=\"\ud83d\udcaa\" src=\"https:\/\/s.w.org\/images\/core\/emoji\/16.0.1\/svg\/1f4aa.svg\"> 25.4. POWER PILATES\nVoimaa ja tasapainoa <br>\n<br>\n<img decoding=\"async\" role=\"img\" class=\"emoji\" alt=\"\u2728\" src=\"https:\/\/s.w.org\/images\/core\/emoji\/16.0.1\/svg\/2728.svg\"> 2.5. PILATES &amp; LIIKKUVUUS\nLiikkuvuutta ja pilatesta kombona<br>\n<br>\n<img decoding=\"async\" role=\"img\" class=\"emoji\" alt=\"\ud83c\udf3f\" src=\"https:\/\/s.w.org\/images\/core\/emoji\/16.0.1\/svg\/1f33f.svg\"> 9.5. LEMPE\u00c4 &amp; HUOLTAVA PILATES SEL\u00c4LLE\nKehonhuoltoa erityisesti sel\u00e4lle<br>\n<br>\n<img decoding=\"async\" role=\"img\" class=\"emoji\" alt=\"\u2728\" src=\"https:\/\/s.w.org\/images\/core\/emoji\/16.0.1\/svg\/2728.svg\"> 16.5. RYHTI PILATES\nKeskityt\u00e4\u00e4n ryhtiin ja asennon parantamiseen<br>\n<br>\n\nHinnat:\n<br>\n55 \u20ac erillisen\u00e4 pakettina\n<br>\n45 \u20ac treenipaketin yhteydess\u00e4\n<br>\nYksitt\u00e4inen teema 12 \u20ac \n<br>\n<br>\nKlikkaa kuvaa ja ilmoittaudu mukaan! <\/p><\/div><\/div>\t\t\t\t<\/div>\n\t\t\t\t<\/div>\n\t\t<div class=\"elementor-element elementor-element-d456881 e-con-full e-flex e-con e-child\" data-id=\"d456881\" data-element_type=\"container\" data-e-type=\"container\">\n\t\t\t\t<div class=\"elementor-element elementor-element-93017eb elementor-position-left elementor-vertical-align-top elementor-widget elementor-widget-image-box\" data-id=\"93017eb\" data-element_type=\"widget\" data-e-type=\"widget\" data-widget_type=\"image-box.default\">\n\t\t\t\t\t<div class=\"elementor-image-box-wrapper\"><figure class=\"elementor-image-box-img\"><img decoding=\"async\" width=\"800\" height=\"800\" src=\"https:\/\/www.workoutbylaura.fi\/wp-content\/uploads\/2025\/07\/painot_vastusnauha.jpg\" class=\"attachment-large size-large wp-image-197\" alt=\"\" srcset=\"https:\/\/www.workoutbylaura.fi\/wp-content\/uploads\/2025\/07\/painot_vastusnauha.jpg 856w, https:\/\/www.workoutbylaura.fi\/wp-content\/uploads\/2025\/07\/painot_vastusnauha-300x300.jpg 300w, https:\/\/www.workoutbylaura.fi\/wp-content\/uploads\/2025\/07\/painot_vastusnauha-100x100.jpg 100w, https:\/\/www.workoutbylaura.fi\/wp-content\/uploads\/2025\/07\/painot_vastusnauha-150x150.jpg 150w, https:\/\/www.workoutbylaura.fi\/wp-content\/uploads\/2025\/07\/painot_vastusnauha-768x768.jpg 768w\" sizes=\"(max-width: 800px) 100vw, 800px\" \/><\/figure><div class=\"elementor-image-box-content\"><h3 class=\"elementor-image-box-title\">ASKELKYYKYT TUTUKSI -WORKSHOP<br><\/h3><p class=\"elementor-image-box-description\">\"ASKELKYYKYT TUTUKSI\" -WORKSHOP\nSU 22.3. KLO 18.30 IIVISNIEMESS\u00c4\n<br><br>\nPaljon toivottu uusinta helmikuulta, tervetuloa j\u00e4senet, ja kev\u00e4\u00e4n treeniryhm\u00e4l\u00e4iset &amp; treenikorttilaiset! \n<br><br>\nWorkshop sis\u00e4lt\u00e4\u00e4:\n<br>\n* askelkyykkyjen eri variaatiot ja vaihtoehdot <br>\n* tekniikka ja kehon linjaukset \n<br>* vinkkej\u00e4 siihen miten saada tuntumaan liike oikeassa paikassa\n<br>\nEi ilmoittautumista, tervetuloa mukaan!  \n\n<\/p><\/div><\/div>\t\t\t\t<\/div>\n\t\t\t\t<\/div>\n\t\t\t\t<\/div>\n\t\t\t\t\t<\/div>\n\t\t\t\t<\/div>\n\t\t<div class=\"elementor-element elementor-element-c2e67b1 e-flex e-con-boxed e-con e-parent\" data-id=\"c2e67b1\" data-element_type=\"container\" data-e-type=\"container\" data-settings=\"{&quot;background_background&quot;:&quot;classic&quot;}\">\n\t\t\t\t\t<div class=\"e-con-inner\">\n\t\t<div class=\"elementor-element elementor-element-6a360416 e-con-full e-flex e-con e-child\" data-id=\"6a360416\" data-element_type=\"container\" data-e-type=\"container\">\n\t\t\t\t<div class=\"elementor-element elementor-element-24970863 animated-slow elementor-invisible elementor-widget elementor-widget-heading\" data-id=\"24970863\" data-element_type=\"widget\" data-e-type=\"widget\" data-settings=\"{&quot;_animation&quot;:&quot;slideInUp&quot;}\" data-widget_type=\"heading.default\">\n\t\t\t\t\t<h2 class=\"elementor-heading-title elementor-size-default\">Asiakkaamme kertovat<\/h2>\t\t\t\t<\/div>\n\t\t\t\t<div class=\"elementor-element elementor-element-7751ff3f animated-slow elementor-invisible elementor-widget elementor-widget-heading\" data-id=\"7751ff3f\" data-element_type=\"widget\" data-e-type=\"widget\" data-settings=\"{&quot;_animation&quot;:&quot;slideInUp&quot;}\" data-widget_type=\"heading.default\">\n\t\t\t\t\t<h2 class=\"elementor-heading-title elementor-size-default\">Mit\u00e4s tykk\u00e4sit?<\/h2>\t\t\t\t<\/div>\n\t\t\t\t<\/div>\n\t\t<div class=\"elementor-element elementor-element-10bf188a e-con-full e-flex e-con e-child\" data-id=\"10bf188a\" data-element_type=\"container\" data-e-type=\"container\">\n\t\t<div class=\"elementor-element elementor-element-62328fe2 animated-slow e-con-full e-flex elementor-invisible e-con e-child\" data-id=\"62328fe2\" data-element_type=\"container\" data-e-type=\"container\" data-settings=\"{&quot;animation&quot;:&quot;fadeInUp&quot;,&quot;animation_delay&quot;:150}\">\n\t\t\t\t<div class=\"elementor-element elementor-element-7da060c7 elementor--star-style-star_unicode elementor-star-rating--align-center elementor-widget elementor-widget-star-rating\" data-id=\"7da060c7\" data-element_type=\"widget\" data-e-type=\"widget\" data-widget_type=\"star-rating.default\">\n\t\t\t\t\t\t\t<div class=\"elementor-star-rating__wrapper\">\n\t\t\t\t\t\t<div class=\"elementor-star-rating\" itemtype=\"http:\/\/schema.org\/Rating\" itemscope=\"\" itemprop=\"reviewRating\">\n\t\t\t\t<i class=\"elementor-star-full\" aria-hidden=\"true\">&#9733;<\/i><i class=\"elementor-star-full\" aria-hidden=\"true\">&#9733;<\/i><i class=\"elementor-star-full\" aria-hidden=\"true\">&#9733;<\/i><i class=\"elementor-star-full\" aria-hidden=\"true\">&#9733;<\/i><i class=\"elementor-star-full\" aria-hidden=\"true\">&#9733;<\/i>\t\t\t\t<span itemprop=\"ratingValue\" class=\"elementor-screen-only\">Rated 5 out of 5<\/span>\n\t\t\t<\/div>\n\t\t<\/div>\n\t\t\t\t\t\t<\/div>\n\t\t\t\t<div class=\"elementor-element elementor-element-606ae3a1 elementor-widget elementor-widget-testimonial\" data-id=\"606ae3a1\" data-element_type=\"widget\" data-e-type=\"widget\" data-widget_type=\"testimonial.default\">\n\t\t\t\t\t\t\t<div class=\"elementor-testimonial-wrapper\">\n\t\t\t\t\t\t\t<div class=\"elementor-testimonial-content\">Superteenien j\u00e4lkeen niin hyv\u00e4 fiilis! Itse tykk\u00e4\u00e4n erityisesti Barresta, kivaa vaihtelua omaan viikko-ohjelmaan.<\/div>\n\t\t\t\n\t\t\t\t\t<\/div>\n\t\t\t\t\t\t<\/div>\n\t\t\t\t<\/div>\n\t\t<div class=\"elementor-element elementor-element-37ccb3b6 animated-slow e-con-full e-flex elementor-invisible e-con e-child\" data-id=\"37ccb3b6\" data-element_type=\"container\" data-e-type=\"container\" data-settings=\"{&quot;animation&quot;:&quot;fadeInUp&quot;,&quot;animation_delay&quot;:150}\">\n\t\t\t\t<div class=\"elementor-element elementor-element-23686be0 elementor--star-style-star_unicode elementor-star-rating--align-center elementor-widget elementor-widget-star-rating\" data-id=\"23686be0\" data-element_type=\"widget\" data-e-type=\"widget\" data-widget_type=\"star-rating.default\">\n\t\t\t\t\t\t\t<div class=\"elementor-star-rating__wrapper\">\n\t\t\t\t\t\t<div class=\"elementor-star-rating\" itemtype=\"http:\/\/schema.org\/Rating\" itemscope=\"\" itemprop=\"reviewRating\">\n\t\t\t\t<i class=\"elementor-star-full\" aria-hidden=\"true\">&#9733;<\/i><i class=\"elementor-star-full\" aria-hidden=\"true\">&#9733;<\/i><i class=\"elementor-star-full\" aria-hidden=\"true\">&#9733;<\/i><i class=\"elementor-star-full\" aria-hidden=\"true\">&#9733;<\/i><i class=\"elementor-star-full\" aria-hidden=\"true\">&#9733;<\/i>\t\t\t\t<span itemprop=\"ratingValue\" class=\"elementor-screen-only\">Rated 5 out of 5<\/span>\n\t\t\t<\/div>\n\t\t<\/div>\n\t\t\t\t\t\t<\/div>\n\t\t\t\t<div class=\"elementor-element elementor-element-4a16d7fe elementor-widget elementor-widget-testimonial\" data-id=\"4a16d7fe\" data-element_type=\"widget\" data-e-type=\"widget\" data-widget_type=\"testimonial.default\">\n\t\t\t\t\t\t\t<div class=\"elementor-testimonial-wrapper\">\n\t\t\t\t\t\t\t<div class=\"elementor-testimonial-content\">Selk\u00e4kipuiselle juuri oikeat liikkeet! Kiva, kun sai my\u00f6s kotiin helppoja liikkeit\u00e4, n\u00e4it\u00e4 tulee ehk\u00e4 jopa tehty\u00e4 : )<\/div>\n\t\t\t\n\t\t\t\t\t<\/div>\n\t\t\t\t\t\t<\/div>\n\t\t\t\t<\/div>\n\t\t<div class=\"elementor-element elementor-element-2a3c5987 animated-slow e-con-full e-flex elementor-invisible e-con e-child\" data-id=\"2a3c5987\" data-element_type=\"container\" data-e-type=\"container\" data-settings=\"{&quot;animation&quot;:&quot;fadeInUp&quot;,&quot;animation_delay&quot;:150}\">\n\t\t\t\t<div class=\"elementor-element elementor-element-5c70a91d elementor--star-style-star_unicode elementor-star-rating--align-center elementor-widget elementor-widget-star-rating\" data-id=\"5c70a91d\" data-element_type=\"widget\" data-e-type=\"widget\" data-widget_type=\"star-rating.default\">\n\t\t\t\t\t\t\t<div class=\"elementor-star-rating__wrapper\">\n\t\t\t\t\t\t<div class=\"elementor-star-rating\" itemtype=\"http:\/\/schema.org\/Rating\" itemscope=\"\" itemprop=\"reviewRating\">\n\t\t\t\t<i class=\"elementor-star-full\" aria-hidden=\"true\">&#9733;<\/i><i class=\"elementor-star-full\" aria-hidden=\"true\">&#9733;<\/i><i class=\"elementor-star-full\" aria-hidden=\"true\">&#9733;<\/i><i class=\"elementor-star-full\" aria-hidden=\"true\">&#9733;<\/i><i class=\"elementor-star-full\" aria-hidden=\"true\">&#9733;<\/i>\t\t\t\t<span itemprop=\"ratingValue\" class=\"elementor-screen-only\">Rated 5 out of 5<\/span>\n\t\t\t<\/div>\n\t\t<\/div>\n\t\t\t\t\t\t<\/div>\n\t\t\t\t<div class=\"elementor-element elementor-element-5f62243a elementor-widget elementor-widget-testimonial\" data-id=\"5f62243a\" data-element_type=\"widget\" data-e-type=\"widget\" data-widget_type=\"testimonial.default\">\n\t\t\t\t\t\t\t<div class=\"elementor-testimonial-wrapper\">\n\t\t\t\t\t\t\t<div class=\"elementor-testimonial-content\">N\u00e4it\u00e4 lis\u00e4\u00e4!<\/div>\n\t\t\t\n\t\t\t\t\t<\/div>\n\t\t\t\t\t\t<\/div>\n\t\t\t\t<\/div>\n\t\t\t\t<\/div>\n\t\t\t\t\t<\/div>\n\t\t\t\t<\/div>\n\t\t<div class=\"elementor-element elementor-element-9c0df9d e-flex e-con-boxed e-con e-parent\" data-id=\"9c0df9d\" data-element_type=\"container\" data-e-type=\"container\" data-settings=\"{&quot;background_background&quot;:&quot;classic&quot;}\">\n\t\t\t\t\t<div class=\"e-con-inner\">\n\t\t<div class=\"elementor-element elementor-element-9b8465b e-con-full e-flex e-con e-child\" data-id=\"9b8465b\" data-element_type=\"container\" data-e-type=\"container\">\n\t\t\t\t<div class=\"elementor-element elementor-element-3a2b107 elementor-widget elementor-widget-heading\" data-id=\"3a2b107\" data-element_type=\"widget\" data-e-type=\"widget\" data-widget_type=\"heading.default\">\n\t\t\t\t\t<h2 class=\"elementor-heading-title elementor-size-default\">Tervetuloa mukaan!<\/h2>\t\t\t\t<\/div>\n\t\t<div class=\"elementor-element elementor-element-e7cd2a4 e-flex e-con-boxed e-con e-child\" data-id=\"e7cd2a4\" data-element_type=\"container\" data-e-type=\"container\">\n\t\t\t\t\t<div class=\"e-con-inner\">\n\t\t\t\t\t<\/div>\n\t\t\t\t<\/div>\n\t\t\t\t<\/div>\n\t\t\t\t\t<\/div>\n\t\t\t\t<\/div>\n\t\t<div class=\"elementor-element elementor-element-3e535eb e-flex e-con-boxed e-con e-parent\" data-id=\"3e535eb\" data-element_type=\"container\" data-e-type=\"container\">\n\t\t\t\t\t<div class=\"e-con-inner\">\n\t\t\t\t\t<\/div>\n\t\t\t\t<\/div>\n\t\t\t\t<\/div>\n\t\t","protected":false},"excerpt":{"rendered":"<p>UUTTA VIRTAA &#8211; UUSIA EL\u00c4MYKSI\u00c4! WORKSHOPIT &amp; TAPAHTUMAT Workout by Laura j\u00e4rjest\u00e4\u00e4 s\u00e4nn\u00f6llisesti erilaisia workshopeja ja tapahtumia, jotka tuovat vaihtelua ja uutta n\u00e4k\u00f6kulmaa treeniin. TULEVAT TAPAHTUMAT &amp; WORKSHOPIT YINYANG YOGA &#8211; KEV\u00c4\u00c4N UUTUUS! * Lauantaisin klo 12-13 (7.2. &#8211; 28.3., tunti tauolla 21.2.) * Iivisniemi, Arttelikuja 4 * Joogaopettaja Pirita Hilton YINYANG YOGA &#8211; UUTUUS! [&hellip;]<\/p>\n","protected":false},"author":1,"featured_media":0,"parent":0,"menu_order":0,"comment_status":"closed","ping_status":"closed","template":"","meta":{"footnotes":""},"class_list":["post-3119","page","type-page","status-publish","hentry"],"_links":{"self":[{"href":"https:\/\/www.workoutbylaura.fi\/index.php\/wp-json\/wp\/v2\/pages\/3119","targetHints":{"allow":["GET"]}}],"collection":[{"href":"https:\/\/www.workoutbylaura.fi\/index.php\/wp-json\/wp\/v2\/pages"}],"about":[{"href":"https:\/\/www.workoutbylaura.fi\/index.php\/wp-json\/wp\/v2\/types\/page"}],"author":[{"embeddable":true,"href":"https:\/\/www.workoutbylaura.fi\/index.php\/wp-json\/wp\/v2\/users\/1"}],"replies":[{"embeddable":true,"href":"https:\/\/www.workoutbylaura.fi\/index.php\/wp-json\/wp\/v2\/comments?post=3119"}],"version-history":[{"count":27,"href":"https:\/\/www.workoutbylaura.fi\/index.php\/wp-json\/wp\/v2\/pages\/3119\/revisions"}],"predecessor-version":[{"id":3274,"href":"https:\/\/www.workoutbylaura.fi\/index.php\/wp-json\/wp\/v2\/pages\/3119\/revisions\/3274"}],"wp:attachment":[{"href":"https:\/\/www.workoutbylaura.fi\/index.php\/wp-json\/wp\/v2\/media?parent=3119"}],"curies":[{"name":"wp","href":"https:\/\/api.w.org\/{rel}","templated":true}]}}