{"id":13,"date":"2025-07-10T09:02:10","date_gmt":"2025-07-10T09:02:10","guid":{"rendered":"https:\/\/www.workoutbylaura.fi\/index.php\/workshopit\/"},"modified":"2026-05-16T18:22:43","modified_gmt":"2026-05-16T15:22:43","slug":"workshopit","status":"publish","type":"page","link":"https:\/\/www.workoutbylaura.fi\/index.php\/workshopit\/","title":{"rendered":"Tapahtumat &amp; workshopit"},"content":{"rendered":"\t\t<div data-elementor-type=\"wp-page\" data-elementor-id=\"13\" class=\"elementor elementor-13\" data-elementor-post-type=\"page\">\n\t\t\t\t<div class=\"elementor-element elementor-element-6f47d4b2 e-flex e-con-boxed e-con e-parent\" data-id=\"6f47d4b2\" data-element_type=\"container\" data-e-type=\"container\" data-settings=\"{&quot;background_background&quot;:&quot;classic&quot;}\">\n\t\t\t\t\t<div class=\"e-con-inner\">\n\t\t<div class=\"elementor-element elementor-element-700f0d57 e-con-full e-flex e-con e-child\" data-id=\"700f0d57\" data-element_type=\"container\" data-e-type=\"container\">\n\t\t\t\t<div class=\"elementor-element elementor-element-647f0c97 animated-slow elementor-invisible elementor-widget elementor-widget-heading\" data-id=\"647f0c97\" data-element_type=\"widget\" data-e-type=\"widget\" data-settings=\"{&quot;_animation&quot;:&quot;slideInUp&quot;}\" data-widget_type=\"heading.default\">\n\t\t\t\t\t<h2 class=\"elementor-heading-title elementor-size-default\">UUTTA VIRTAA - UUSIA EL\u00c4MYKSI\u00c4!<\/h2>\t\t\t\t<\/div>\n\t\t\t\t<div class=\"elementor-element elementor-element-5ef53580 animated-slow elementor-invisible elementor-widget elementor-widget-heading\" data-id=\"5ef53580\" data-element_type=\"widget\" data-e-type=\"widget\" data-settings=\"{&quot;_animation&quot;:&quot;slideInUp&quot;}\" data-widget_type=\"heading.default\">\n\t\t\t\t\t<h2 class=\"elementor-heading-title elementor-size-default\">Workshopit<br>&amp; tapahtumat<\/h2>\t\t\t\t<\/div>\n\t\t\t\t<div class=\"elementor-element elementor-element-7e79a0e6 elementor-widget elementor-widget-text-editor\" data-id=\"7e79a0e6\" data-element_type=\"widget\" data-e-type=\"widget\" data-widget_type=\"text-editor.default\">\n\t\t\t\t\t\t\t\t\t<p>Workout by Laura j\u00e4rjest\u00e4\u00e4 s\u00e4nn\u00f6llisesti erilaisia workshopeja ja tapahtumia, jotka tuovat vaihtelua ja uutta n\u00e4k\u00f6kulmaa treeniin.<\/p>\t\t\t\t\t\t\t\t<\/div>\n\t\t\t\t<\/div>\n\t\t\t\t<div class=\"elementor-element elementor-element-13cbe71c elementor-widget elementor-widget-image\" data-id=\"13cbe71c\" data-element_type=\"widget\" data-e-type=\"widget\" data-widget_type=\"image.default\">\n\t\t\t\t\t\t\t\t\t\t\t\t\t\t\t<img decoding=\"async\" src=\"https:\/\/www.workoutbylaura.fi\/wp-content\/uploads\/2025\/07\/1O2A9619-scaled.jpg\" title=\"1O2A9619\" alt=\"1O2A9619\" loading=\"lazy\" \/>\t\t\t\t\t\t\t\t\t\t\t\t\t\t\t<\/div>\n\t\t\t\t\t<\/div>\n\t\t\t\t<\/div>\n\t\t<div class=\"elementor-element elementor-element-27054a2 e-flex e-con-boxed e-con e-parent\" data-id=\"27054a2\" data-element_type=\"container\" data-e-type=\"container\" data-settings=\"{&quot;background_background&quot;:&quot;classic&quot;}\">\n\t\t\t\t\t<div class=\"e-con-inner\">\n\t\t\t\t<div class=\"elementor-element elementor-element-4a3447c elementor-widget elementor-widget-heading\" data-id=\"4a3447c\" data-element_type=\"widget\" data-e-type=\"widget\" data-widget_type=\"heading.default\">\n\t\t\t\t\t<h2 class=\"elementor-heading-title elementor-size-default\">TULEVAT TAPAHTUMAT &amp; WORKSHOPIT<\/h2>\t\t\t\t<\/div>\n\t\t<div class=\"elementor-element elementor-element-4104a24 e-con-full e-flex e-con e-child\" data-id=\"4104a24\" data-element_type=\"container\" data-e-type=\"container\">\n\t\t<div class=\"elementor-element elementor-element-4ac8b37 e-con-full e-flex e-con e-child\" data-id=\"4ac8b37\" data-element_type=\"container\" data-e-type=\"container\">\n\t\t\t\t<div class=\"elementor-element elementor-element-931390f elementor-position-left elementor-vertical-align-top elementor-widget elementor-widget-image-box\" data-id=\"931390f\" data-element_type=\"widget\" data-e-type=\"widget\" data-widget_type=\"image-box.default\">\n\t\t\t\t\t<div class=\"elementor-image-box-wrapper\"><figure class=\"elementor-image-box-img\"><a href=\"https:\/\/www.workoutbylaura.fi\/index.php\/tuote\/kevaan-ulkotreeniryhma-iivisniemessa\/\" tabindex=\"-1\"><img fetchpriority=\"high\" decoding=\"async\" width=\"800\" height=\"533\" src=\"https:\/\/www.workoutbylaura.fi\/wp-content\/uploads\/2025\/07\/cold-2557512_1280-1024x682.jpg\" class=\"attachment-large size-large wp-image-81\" alt=\"\" srcset=\"https:\/\/www.workoutbylaura.fi\/wp-content\/uploads\/2025\/07\/cold-2557512_1280-1024x682.jpg 1024w, https:\/\/www.workoutbylaura.fi\/wp-content\/uploads\/2025\/07\/cold-2557512_1280-300x200.jpg 300w, https:\/\/www.workoutbylaura.fi\/wp-content\/uploads\/2025\/07\/cold-2557512_1280-768x511.jpg 768w, https:\/\/www.workoutbylaura.fi\/wp-content\/uploads\/2025\/07\/cold-2557512_1280.jpg 1280w\" sizes=\"(max-width: 800px) 100vw, 800px\" \/><\/a><\/figure><div class=\"elementor-image-box-content\"><h3 class=\"elementor-image-box-title\"><a href=\"https:\/\/www.workoutbylaura.fi\/index.php\/tuote\/kevaan-ulkotreeniryhma-iivisniemessa\/\">WORKOUT SPORT workshop<\/a><\/h3><p class=\"elementor-image-box-description\">Sinulle, joka haluat treenata kovaa ja testata rajojasi! Treeniss\u00e4 k\u00e4ytet\u00e4\u00e4n hy\u00f6dyksi sek\u00e4 portaita, juoksurataa, ett\u00e4 oman kehon vastuksella teht\u00e4vi\u00e4 lihaskuntoliikkeit\u00e4. <br><br>Treeni toteutetaan ulkona, tarkempi ajankohta ilmoitetaan pian.<\/p><\/div><\/div>\t\t\t\t<\/div>\n\t\t\t\t<\/div>\n\t\t<div class=\"elementor-element elementor-element-02a2d13 e-con-full e-flex e-con e-child\" data-id=\"02a2d13\" data-element_type=\"container\" data-e-type=\"container\">\n\t\t\t\t<div class=\"elementor-element elementor-element-880ce39 elementor-position-left elementor-vertical-align-top elementor-widget elementor-widget-image-box\" data-id=\"880ce39\" data-element_type=\"widget\" data-e-type=\"widget\" data-widget_type=\"image-box.default\">\n\t\t\t\t\t<div class=\"elementor-image-box-wrapper\"><figure class=\"elementor-image-box-img\"><img decoding=\"async\" width=\"150\" height=\"150\" src=\"https:\/\/www.workoutbylaura.fi\/wp-content\/uploads\/2025\/07\/BC20250629_113944-150x150.jpg\" class=\"attachment-thumbnail size-thumbnail wp-image-185\" alt=\"\" srcset=\"https:\/\/www.workoutbylaura.fi\/wp-content\/uploads\/2025\/07\/BC20250629_113944-150x150.jpg 150w, https:\/\/www.workoutbylaura.fi\/wp-content\/uploads\/2025\/07\/BC20250629_113944-300x300.jpg 300w, https:\/\/www.workoutbylaura.fi\/wp-content\/uploads\/2025\/07\/BC20250629_113944-100x100.jpg 100w\" sizes=\"(max-width: 150px) 100vw, 150px\" \/><\/figure><div class=\"elementor-image-box-content\"><h3 class=\"elementor-image-box-title\">BARRELATES MA 18.5. klo 18.00-18.45<br><\/h3><p class=\"elementor-image-box-description\"><img decoding=\"async\" role=\"img\" class=\"emoji\" alt=\"\ud83d\udccd\" src=\"https:\/\/s.w.org\/images\/core\/emoji\/16.0.1\/svg\/1f4cd.svg\"> Soukka, Soukankuja 5 <br>\n\n<img decoding=\"async\" role=\"img\" class=\"emoji\" alt=\"\ud83d\udd25\" src=\"https:\/\/s.w.org\/images\/core\/emoji\/16.0.1\/svg\/1f525.svg\"> Ma 18.5.klo 18.00- 18.45 BARRELATES<br>Yhdistelm\u00e4 Barrea ja Pilatesta - treenataan lihaskuntoa ja kehonhallintaa kuin tanssijat! Tunti ei sis\u00e4ll\u00e4 balettia tai koreografioita.<br>\nHinta 12 \u20ac, kev\u00e4\u00e4n ja kes\u00e4n Luxe-j\u00e4senille maksuton.\n<\/p><\/div><\/div>\t\t\t\t<\/div>\n\t\t\t\t<\/div>\n\t\t<div class=\"elementor-element elementor-element-d456881 e-con-full e-flex e-con e-child\" data-id=\"d456881\" data-element_type=\"container\" data-e-type=\"container\">\n\t\t\t\t<div class=\"elementor-element elementor-element-93017eb elementor-position-left elementor-vertical-align-top elementor-widget elementor-widget-image-box\" data-id=\"93017eb\" data-element_type=\"widget\" data-e-type=\"widget\" data-widget_type=\"image-box.default\">\n\t\t\t\t\t<div class=\"elementor-image-box-wrapper\"><figure class=\"elementor-image-box-img\"><img decoding=\"async\" width=\"600\" height=\"600\" src=\"https:\/\/www.workoutbylaura.fi\/wp-content\/uploads\/2025\/10\/wwxout2.png\" class=\"attachment-large size-large wp-image-1527\" alt=\"\" srcset=\"https:\/\/www.workoutbylaura.fi\/wp-content\/uploads\/2025\/10\/wwxout2.png 600w, https:\/\/www.workoutbylaura.fi\/wp-content\/uploads\/2025\/10\/wwxout2-300x300.png 300w, https:\/\/www.workoutbylaura.fi\/wp-content\/uploads\/2025\/10\/wwxout2-100x100.png 100w, https:\/\/www.workoutbylaura.fi\/wp-content\/uploads\/2025\/10\/wwxout2-150x150.png 150w\" sizes=\"(max-width: 600px) 100vw, 600px\" \/><\/figure><div class=\"elementor-image-box-content\"><h3 class=\"elementor-image-box-title\">PILATES &amp; PROSECCO pe 14.8. klo 18-20<\/h3><p class=\"elementor-image-box-description\">Lis\u00e4tietoja tulossa. \ud83e\udd42<\/p><\/div><\/div>\t\t\t\t<\/div>\n\t\t\t\t<\/div>\n\t\t\t\t<\/div>\n\t\t\t\t\t<\/div>\n\t\t\t\t<\/div>\n\t\t<div class=\"elementor-element elementor-element-c2e67b1 e-flex e-con-boxed e-con e-parent\" data-id=\"c2e67b1\" data-element_type=\"container\" data-e-type=\"container\" data-settings=\"{&quot;background_background&quot;:&quot;classic&quot;}\">\n\t\t\t\t\t<div class=\"e-con-inner\">\n\t\t<div class=\"elementor-element elementor-element-6a360416 e-con-full e-flex e-con e-child\" data-id=\"6a360416\" data-element_type=\"container\" data-e-type=\"container\">\n\t\t\t\t<div class=\"elementor-element elementor-element-24970863 animated-slow elementor-invisible elementor-widget elementor-widget-heading\" data-id=\"24970863\" data-element_type=\"widget\" data-e-type=\"widget\" data-settings=\"{&quot;_animation&quot;:&quot;slideInUp&quot;}\" data-widget_type=\"heading.default\">\n\t\t\t\t\t<h2 class=\"elementor-heading-title elementor-size-default\">Asiakkaamme kertovat<\/h2>\t\t\t\t<\/div>\n\t\t\t\t<div class=\"elementor-element elementor-element-7751ff3f animated-slow elementor-invisible elementor-widget elementor-widget-heading\" data-id=\"7751ff3f\" data-element_type=\"widget\" data-e-type=\"widget\" data-settings=\"{&quot;_animation&quot;:&quot;slideInUp&quot;}\" data-widget_type=\"heading.default\">\n\t\t\t\t\t<h2 class=\"elementor-heading-title elementor-size-default\">Mit\u00e4s tykk\u00e4sit?<\/h2>\t\t\t\t<\/div>\n\t\t\t\t<\/div>\n\t\t<div class=\"elementor-element elementor-element-10bf188a e-con-full e-flex e-con e-child\" data-id=\"10bf188a\" data-element_type=\"container\" data-e-type=\"container\">\n\t\t<div class=\"elementor-element elementor-element-62328fe2 animated-slow e-con-full e-flex elementor-invisible e-con e-child\" data-id=\"62328fe2\" data-element_type=\"container\" data-e-type=\"container\" data-settings=\"{&quot;animation&quot;:&quot;fadeInUp&quot;,&quot;animation_delay&quot;:150}\">\n\t\t\t\t<div class=\"elementor-element elementor-element-7da060c7 elementor--star-style-star_unicode elementor-star-rating--align-center elementor-widget elementor-widget-star-rating\" data-id=\"7da060c7\" data-element_type=\"widget\" data-e-type=\"widget\" data-widget_type=\"star-rating.default\">\n\t\t\t\t\t\t\t<div class=\"elementor-star-rating__wrapper\">\n\t\t\t\t\t\t<div class=\"elementor-star-rating\" itemtype=\"http:\/\/schema.org\/Rating\" itemscope=\"\" itemprop=\"reviewRating\">\n\t\t\t\t<i class=\"elementor-star-full\" aria-hidden=\"true\">&#9733;<\/i><i class=\"elementor-star-full\" aria-hidden=\"true\">&#9733;<\/i><i class=\"elementor-star-full\" aria-hidden=\"true\">&#9733;<\/i><i class=\"elementor-star-full\" aria-hidden=\"true\">&#9733;<\/i><i class=\"elementor-star-full\" aria-hidden=\"true\">&#9733;<\/i>\t\t\t\t<span itemprop=\"ratingValue\" class=\"elementor-screen-only\">Rated 5 out of 5<\/span>\n\t\t\t<\/div>\n\t\t<\/div>\n\t\t\t\t\t\t<\/div>\n\t\t\t\t<div class=\"elementor-element elementor-element-606ae3a1 elementor-widget elementor-widget-testimonial\" data-id=\"606ae3a1\" data-element_type=\"widget\" data-e-type=\"widget\" data-widget_type=\"testimonial.default\">\n\t\t\t\t\t\t\t<div class=\"elementor-testimonial-wrapper\">\n\t\t\t\t\t\t\t<div class=\"elementor-testimonial-content\">Superteenien j\u00e4lkeen niin hyv\u00e4 fiilis! Itse tykk\u00e4\u00e4n erityisesti Barresta, kivaa vaihtelua omaan viikko-ohjelmaan.<\/div>\n\t\t\t\n\t\t\t\t\t<\/div>\n\t\t\t\t\t\t<\/div>\n\t\t\t\t<\/div>\n\t\t<div class=\"elementor-element elementor-element-37ccb3b6 animated-slow e-con-full e-flex elementor-invisible e-con e-child\" data-id=\"37ccb3b6\" data-element_type=\"container\" data-e-type=\"container\" data-settings=\"{&quot;animation&quot;:&quot;fadeInUp&quot;,&quot;animation_delay&quot;:150}\">\n\t\t\t\t<div class=\"elementor-element elementor-element-23686be0 elementor--star-style-star_unicode elementor-star-rating--align-center elementor-widget elementor-widget-star-rating\" data-id=\"23686be0\" data-element_type=\"widget\" data-e-type=\"widget\" data-widget_type=\"star-rating.default\">\n\t\t\t\t\t\t\t<div class=\"elementor-star-rating__wrapper\">\n\t\t\t\t\t\t<div class=\"elementor-star-rating\" itemtype=\"http:\/\/schema.org\/Rating\" itemscope=\"\" itemprop=\"reviewRating\">\n\t\t\t\t<i class=\"elementor-star-full\" aria-hidden=\"true\">&#9733;<\/i><i class=\"elementor-star-full\" aria-hidden=\"true\">&#9733;<\/i><i class=\"elementor-star-full\" aria-hidden=\"true\">&#9733;<\/i><i class=\"elementor-star-full\" aria-hidden=\"true\">&#9733;<\/i><i class=\"elementor-star-full\" aria-hidden=\"true\">&#9733;<\/i>\t\t\t\t<span itemprop=\"ratingValue\" class=\"elementor-screen-only\">Rated 5 out of 5<\/span>\n\t\t\t<\/div>\n\t\t<\/div>\n\t\t\t\t\t\t<\/div>\n\t\t\t\t<div class=\"elementor-element elementor-element-4a16d7fe elementor-widget elementor-widget-testimonial\" data-id=\"4a16d7fe\" data-element_type=\"widget\" data-e-type=\"widget\" data-widget_type=\"testimonial.default\">\n\t\t\t\t\t\t\t<div class=\"elementor-testimonial-wrapper\">\n\t\t\t\t\t\t\t<div class=\"elementor-testimonial-content\">Selk\u00e4kipuiselle juuri oikeat liikkeet! Kiva, kun sai my\u00f6s kotiin helppoja liikkeit\u00e4, n\u00e4it\u00e4 tulee ehk\u00e4 jopa tehty\u00e4 : )<\/div>\n\t\t\t\n\t\t\t\t\t<\/div>\n\t\t\t\t\t\t<\/div>\n\t\t\t\t<\/div>\n\t\t<div class=\"elementor-element elementor-element-2a3c5987 animated-slow e-con-full e-flex elementor-invisible e-con e-child\" data-id=\"2a3c5987\" data-element_type=\"container\" data-e-type=\"container\" data-settings=\"{&quot;animation&quot;:&quot;fadeInUp&quot;,&quot;animation_delay&quot;:150}\">\n\t\t\t\t<div class=\"elementor-element elementor-element-5c70a91d elementor--star-style-star_unicode elementor-star-rating--align-center elementor-widget elementor-widget-star-rating\" data-id=\"5c70a91d\" data-element_type=\"widget\" data-e-type=\"widget\" data-widget_type=\"star-rating.default\">\n\t\t\t\t\t\t\t<div class=\"elementor-star-rating__wrapper\">\n\t\t\t\t\t\t<div class=\"elementor-star-rating\" itemtype=\"http:\/\/schema.org\/Rating\" itemscope=\"\" itemprop=\"reviewRating\">\n\t\t\t\t<i class=\"elementor-star-full\" aria-hidden=\"true\">&#9733;<\/i><i class=\"elementor-star-full\" aria-hidden=\"true\">&#9733;<\/i><i class=\"elementor-star-full\" aria-hidden=\"true\">&#9733;<\/i><i class=\"elementor-star-full\" aria-hidden=\"true\">&#9733;<\/i><i class=\"elementor-star-full\" aria-hidden=\"true\">&#9733;<\/i>\t\t\t\t<span itemprop=\"ratingValue\" class=\"elementor-screen-only\">Rated 5 out of 5<\/span>\n\t\t\t<\/div>\n\t\t<\/div>\n\t\t\t\t\t\t<\/div>\n\t\t\t\t<div class=\"elementor-element elementor-element-5f62243a elementor-widget elementor-widget-testimonial\" data-id=\"5f62243a\" data-element_type=\"widget\" data-e-type=\"widget\" data-widget_type=\"testimonial.default\">\n\t\t\t\t\t\t\t<div class=\"elementor-testimonial-wrapper\">\n\t\t\t\t\t\t\t<div class=\"elementor-testimonial-content\">N\u00e4it\u00e4 lis\u00e4\u00e4!<\/div>\n\t\t\t\n\t\t\t\t\t<\/div>\n\t\t\t\t\t\t<\/div>\n\t\t\t\t<\/div>\n\t\t\t\t<\/div>\n\t\t\t\t\t<\/div>\n\t\t\t\t<\/div>\n\t\t<div class=\"elementor-element elementor-element-9c0df9d e-flex e-con-boxed e-con e-parent\" data-id=\"9c0df9d\" data-element_type=\"container\" data-e-type=\"container\" data-settings=\"{&quot;background_background&quot;:&quot;classic&quot;}\">\n\t\t\t\t\t<div class=\"e-con-inner\">\n\t\t<div class=\"elementor-element elementor-element-9b8465b e-con-full e-flex e-con e-child\" data-id=\"9b8465b\" data-element_type=\"container\" data-e-type=\"container\">\n\t\t\t\t<div class=\"elementor-element elementor-element-3a2b107 elementor-widget elementor-widget-heading\" data-id=\"3a2b107\" data-element_type=\"widget\" data-e-type=\"widget\" data-widget_type=\"heading.default\">\n\t\t\t\t\t<h2 class=\"elementor-heading-title elementor-size-default\">Tervetuloa mukaan!<\/h2>\t\t\t\t<\/div>\n\t\t<div class=\"elementor-element elementor-element-e7cd2a4 e-flex e-con-boxed e-con e-child\" data-id=\"e7cd2a4\" data-element_type=\"container\" data-e-type=\"container\">\n\t\t\t\t\t<div class=\"e-con-inner\">\n\t\t\t\t\t<\/div>\n\t\t\t\t<\/div>\n\t\t\t\t<\/div>\n\t\t\t\t\t<\/div>\n\t\t\t\t<\/div>\n\t\t<div class=\"elementor-element elementor-element-3e535eb e-flex e-con-boxed e-con e-parent\" data-id=\"3e535eb\" data-element_type=\"container\" data-e-type=\"container\">\n\t\t\t\t\t<div class=\"e-con-inner\">\n\t\t\t\t\t<\/div>\n\t\t\t\t<\/div>\n\t\t<div class=\"elementor-element elementor-element-ba13f3a e-flex e-con-boxed e-con e-parent\" data-id=\"ba13f3a\" data-element_type=\"container\" data-e-type=\"container\">\n\t\t\t\t\t<div class=\"e-con-inner\">\n\t\t\t\t<div class=\"elementor-element elementor-element-6f0cfd6 elementor-widget elementor-widget-text-editor\" data-id=\"6f0cfd6\" data-element_type=\"widget\" data-e-type=\"widget\" data-widget_type=\"text-editor.default\">\n\t\t\t\t\t\t\t\t\t<p>Lorem ipsum dolor sit amet, consectetur adipiscing elit. Ut elit tellus, luctus nec ullamcorper mattis, pulvinar dapibus leo.<\/p>\t\t\t\t\t\t\t\t<\/div>\n\t\t\t\t\t<\/div>\n\t\t\t\t<\/div>\n\t\t\t\t<\/div>\n\t\t","protected":false},"excerpt":{"rendered":"<p>UUTTA VIRTAA &#8211; UUSIA EL\u00c4MYKSI\u00c4! Workshopit&amp; tapahtumat Workout by Laura j\u00e4rjest\u00e4\u00e4 s\u00e4nn\u00f6llisesti erilaisia workshopeja ja tapahtumia, jotka tuovat vaihtelua ja uutta n\u00e4k\u00f6kulmaa treeniin. TULEVAT TAPAHTUMAT &amp; WORKSHOPIT WORKOUT SPORT workshop Sinulle, joka haluat treenata kovaa ja testata rajojasi! Treeniss\u00e4 k\u00e4ytet\u00e4\u00e4n hy\u00f6dyksi sek\u00e4 portaita, juoksurataa, ett\u00e4 oman kehon vastuksella teht\u00e4vi\u00e4 lihaskuntoliikkeit\u00e4. Treeni toteutetaan ulkona, tarkempi ajankohta [&hellip;]<\/p>\n","protected":false},"author":1,"featured_media":0,"parent":0,"menu_order":0,"comment_status":"closed","ping_status":"closed","template":"","meta":{"footnotes":""},"class_list":["post-13","page","type-page","status-publish","hentry"],"_links":{"self":[{"href":"https:\/\/www.workoutbylaura.fi\/index.php\/wp-json\/wp\/v2\/pages\/13","targetHints":{"allow":["GET"]}}],"collection":[{"href":"https:\/\/www.workoutbylaura.fi\/index.php\/wp-json\/wp\/v2\/pages"}],"about":[{"href":"https:\/\/www.workoutbylaura.fi\/index.php\/wp-json\/wp\/v2\/types\/page"}],"author":[{"embeddable":true,"href":"https:\/\/www.workoutbylaura.fi\/index.php\/wp-json\/wp\/v2\/users\/1"}],"replies":[{"embeddable":true,"href":"https:\/\/www.workoutbylaura.fi\/index.php\/wp-json\/wp\/v2\/comments?post=13"}],"version-history":[{"count":362,"href":"https:\/\/www.workoutbylaura.fi\/index.php\/wp-json\/wp\/v2\/pages\/13\/revisions"}],"predecessor-version":[{"id":4119,"href":"https:\/\/www.workoutbylaura.fi\/index.php\/wp-json\/wp\/v2\/pages\/13\/revisions\/4119"}],"wp:attachment":[{"href":"https:\/\/www.workoutbylaura.fi\/index.php\/wp-json\/wp\/v2\/media?parent=13"}],"curies":[{"name":"wp","href":"https:\/\/api.w.org\/{rel}","templated":true}]}}